{"id":659,"date":"2018-11-07T20:56:09","date_gmt":"2018-11-08T01:56:09","guid":{"rendered":"https:\/\/communityspiritgaming.com\/?page_id=659"},"modified":"2018-12-22T06:48:15","modified_gmt":"2018-12-22T11:48:15","slug":"about","status":"publish","type":"page","link":"https:\/\/communityspiritgaming.com\/fr\/about\/","title":{"rendered":"Sur"},"content":{"rendered":"<section class=\"wpb-content-wrapper\"><p>[vc_row][vc_column][vc_column_text]<span class=\"fpar\">Nous sommes un du loto le plus r\u00e9cent centre \u00e0 Ontario capable d&rsquo;offrir le plus r\u00e9cent de technologie du loto \u00e9lectronique, aussi bien que cartes du papier traditionnelles. Nous fournissons un amusement, environnement amical et s\u00fbr o\u00f9 vous pouvez vous d\u00e9lasser et vous amuser, tout le temps supporter des charit\u00e9s valables dans notre communaut\u00e9.<\/span><span class=\"fpar\">Si vous \u00eates nouveau \u00e0 loto ou un joueur exp\u00e9riment\u00e9, nous vous accueillons venir et essayer votre chance!<\/span>[\/vc_column_text][\/vc_column][\/vc_row]<\/p>\n<\/section>","protected":false},"excerpt":{"rendered":"<p>[vc_row][vc_column][vc_column_text]Nous sommes un du loto le plus r\u00e9cent centre \u00e0 Ontario capable d&rsquo;offrir le plus r\u00e9cent de technologie du loto \u00e9lectronique, aussi bien que cartes du papier traditionnelles. Nous fournissons [&hellip;]<\/p>\n","protected":false},"author":1,"featured_media":1350,"parent":0,"menu_order":0,"comment_status":"closed","ping_status":"closed","template":"","meta":{"inline_featured_image":false,"footnotes":""},"_links":{"self":[{"href":"https:\/\/communityspiritgaming.com\/fr\/wp-json\/wp\/v2\/pages\/659"}],"collection":[{"href":"https:\/\/communityspiritgaming.com\/fr\/wp-json\/wp\/v2\/pages"}],"about":[{"href":"https:\/\/communityspiritgaming.com\/fr\/wp-json\/wp\/v2\/types\/page"}],"author":[{"embeddable":true,"href":"https:\/\/communityspiritgaming.com\/fr\/wp-json\/wp\/v2\/users\/1"}],"replies":[{"embeddable":true,"href":"https:\/\/communityspiritgaming.com\/fr\/wp-json\/wp\/v2\/comments?post=659"}],"version-history":[{"count":21,"href":"https:\/\/communityspiritgaming.com\/fr\/wp-json\/wp\/v2\/pages\/659\/revisions"}],"predecessor-version":[{"id":1639,"href":"https:\/\/communityspiritgaming.com\/fr\/wp-json\/wp\/v2\/pages\/659\/revisions\/1639"}],"wp:featuredmedia":[{"embeddable":true,"href":"https:\/\/communityspiritgaming.com\/fr\/wp-json\/wp\/v2\/media\/1350"}],"wp:attachment":[{"href":"https:\/\/communityspiritgaming.com\/fr\/wp-json\/wp\/v2\/media?parent=659"}],"curies":[{"name":"wp","href":"https:\/\/api.w.org\/{rel}","templated":true}]}}