{"id":654,"date":"2018-11-07T20:52:05","date_gmt":"2018-11-08T01:52:05","guid":{"rendered":"https:\/\/communityspiritgaming.com\/?page_id=654"},"modified":"2022-08-13T14:31:31","modified_gmt":"2022-08-13T18:31:31","slug":"gaming","status":"publish","type":"page","link":"https:\/\/communityspiritgaming.com\/fr\/gaming\/","title":{"rendered":"Jeu"},"content":{"rendered":"<section class=\"wpb-content-wrapper\"><p>[vc_row full_width= &raquo;stretch_row &raquo;][vc_column][vc_row_inner][vc_column_inner width= &raquo;2\/3&Prime;][vc_column_text]<\/p>\n<h2>Jouer Sur Demande<\/h2>\n<hr \/>\n<p>Les jeux POD sont des jeux \u00e9lectroniques rapides auxquels vous pouvez jouer de fa\u00e7on ind\u00e9pendante, entre les s\u00e9ances de bingo, aux pauses ou m\u00eame pendant des parties de bingo. C\u2019est une fa\u00e7on amusante et facile de jouer \u00e0 vos jeux, comme vous voulez, n\u2019importe quand.<\/p>\n<p>Les jeux POD se jouent sur un dispositif de jeu de bingo \u00e9lectronique; cependant, contrairement au bingo traditionnel o\u00f9 les joueurs jouent les uns contre les autres, les jeux POD se jouent contre l\u2019ordinateur. Les r\u00e9sultats sont impr\u00e9visibles et les probabilit\u00e9s de gagner ne changent jamais.[\/vc_column_text][\/vc_column_inner][vc_column_inner width= &raquo;1\/3&Prime;][vc_single_image image= &raquo;1281&Prime; img_size= &raquo;medium &raquo; alignment= &raquo;center &raquo;][\/vc_column_inner][\/vc_row_inner][\/vc_column][\/vc_row][vc_row el_class= &raquo;game-links &raquo;][vc_column][vc_column_text]<\/p>\n<p style=\"text-align: center;\"><img decoding=\"async\" loading=\"lazy\" class=\"alignnone wp-image-1373 size-full\" src=\"https:\/\/communityspiritgaming.com\/wp-content\/uploads\/TapN_Play_3D_CMYK-01-e1543587660201.png\" alt=\"Logo du Tap 'N Play\" width=\"200\" height=\"142\" \/><\/p>\n<h2>Session Side Games<\/h2>\n<hr \/>\n<p><center><a href=\"\/wp-content\/uploads\/1000_fr.pdf\" target=\"_blank\" rel=\"noopener\"><img decoding=\"async\" loading=\"lazy\" class=\"alignnone\" title=\"Guide du jeu 100 Degrees\" src=\"https:\/\/communityspiritgaming.com\/wp-content\/uploads\/POD-100Degrees.png\" alt=\"Guide du jeu 100 Degrees\" width=\"195\" height=\"195\" \/><\/a><img decoding=\"async\" loading=\"lazy\" class=\"alignnone\" title=\"Guide du jeu Lucky Clover Bingo\" src=\"https:\/\/communityspiritgaming.com\/wp-content\/uploads\/POD-LuckyClover.png\" alt=\"Guide du jeu Lucky Clover Bingo\" width=\"195\" height=\"195\" \/><img decoding=\"async\" loading=\"lazy\" class=\"alignnone\" title=\"Guide du jeu Old Glory Bingo\" src=\"https:\/\/communityspiritgaming.com\/wp-content\/uploads\/POD-OldGlory.png\" alt=\"Guide du jeu Old Glory Bingo\" width=\"195\" height=\"195\" \/><a href=\"\/wp-content\/uploads\/8018-003-7LuckyLines_Players_Guide_FR_lo-FINAL-June-1-2018.pdf\" target=\"_blank\" rel=\"noopener\"><img decoding=\"async\" loading=\"lazy\" class=\"alignnone\" title=\"Guide du jeu 7 Lucky Lines\" src=\"https:\/\/communityspiritgaming.com\/wp-content\/uploads\/7_Lucky_Lines-1.png\" alt=\"Guide du jeu 7 Lucky Lines\" width=\"195\" height=\"195\" \/><\/a><a href=\"\/wp-content\/uploads\/8018-008-TearPad_BathtimeBucks-FR-FINAL.pdf\" target=\"_blank\" rel=\"noopener\"><img decoding=\"async\" loading=\"lazy\" class=\"alignnone\" title=\"Guide du jeu Bathtime Bucks\" src=\"https:\/\/communityspiritgaming.com\/wp-content\/uploads\/bathtimebuckslogo.png\" alt=\"Guide du jeu Bathtime Bucks\" width=\"195\" height=\"195\" \/><\/a><a href=\"\/wp-content\/uploads\/8018-003-JackpotFruit_Players_Guide_FR_lo-June-1-2018.pdf\" target=\"_blank\" rel=\"noopener\"><img decoding=\"async\" loading=\"lazy\" class=\"alignnone\" title=\"Guide du jeu Jackpot Fruit\" src=\"https:\/\/communityspiritgaming.com\/wp-content\/uploads\/Jackpot_Fruit.png\" alt=\"Guide du jeu Jackpot Fruit\" width=\"195\" height=\"195\" \/><\/a><a href=\"\/wp-content\/uploads\/7s-RUN-WILD-Tearpad-FINAL-FRENCH.pdf\" target=\"_blank\" rel=\"noopener\"><img decoding=\"async\" loading=\"lazy\" class=\"alignnone\" title=\"Guide du jeu 7s Run Wild\" src=\"https:\/\/communityspiritgaming.com\/wp-content\/uploads\/7s_Run_Wild.png\" alt=\"Guide du jeu 7s Run Wild\" width=\"195\" height=\"195\" \/><\/a><a href=\"\/wp-content\/uploads\/LOADS-OF-LOOT-Tearpad-FINAL-FRENCH.pdf\" target=\"_blank\" rel=\"noopener\"><img decoding=\"async\" loading=\"lazy\" class=\"alignnone\" title=\"Guide du jeu Loads of Loot\" src=\"https:\/\/communityspiritgaming.com\/wp-content\/uploads\/Loads_of_Loot.png\" alt=\"Guide du jeu Loads of Loot\" width=\"195\" height=\"195\" \/><\/a><\/center><\/p>\n<div style=\"clear: both;\"><\/div>\n<p>[\/vc_column_text][vc_column_text]<\/p>\n<h2>Tap &lsquo;n Play<\/h2>\n<hr \/>\n<p><center><a href=\"\/wp-content\/uploads\/Game-information-for-TapTix-HotnSaucy-Dynamite-Diamonds-French.pdf\" target=\"_blank\" rel=\"noopener\"><img decoding=\"async\" loading=\"lazy\" class=\"wp-image-1423 size-medium alignnone\" title=\"Guide du jeu Hot n Saucy\" src=\"https:\/\/communityspiritgaming.com\/wp-content\/uploads\/Hot-N-Saucy-300x150.png\" alt=\"Guide du jeu Hot n Saucy\" width=\"300\" height=\"150\" srcset=\"https:\/\/communityspiritgaming.com\/wp-content\/uploads\/Hot-N-Saucy-300x150.png 300w, https:\/\/communityspiritgaming.com\/wp-content\/uploads\/Hot-N-Saucy.png 460w\" sizes=\"(max-width: 300px) 100vw, 300px\" \/><\/a><a href=\"\/wp-content\/uploads\/Game-information-for-TapTix-HotnSaucy-Dynamite-Diamonds-French.pdf\" target=\"_blank\" rel=\"noopener\"><img decoding=\"async\" loading=\"lazy\" class=\"wp-image-1421 size-medium alignnone\" title=\"Guide du jeu Dynamite Diamonds\" src=\"https:\/\/communityspiritgaming.com\/wp-content\/uploads\/Dynamite-Diamonds-300x150.png\" alt=\"Guide du jeu Dynamite Diamonds\" width=\"300\" height=\"150\" srcset=\"https:\/\/communityspiritgaming.com\/wp-content\/uploads\/Dynamite-Diamonds-300x150.png 300w, https:\/\/communityspiritgaming.com\/wp-content\/uploads\/Dynamite-Diamonds.png 460w\" sizes=\"(max-width: 300px) 100vw, 300px\" \/><\/a><a href=\"\/wp-content\/uploads\/Games-information-for-TapTix-Non-Pogressive-Games-French.pdf\" target=\"_blank\" rel=\"noopener\"><img decoding=\"async\" loading=\"lazy\" class=\"wp-image-1424 size-medium alignnone\" title=\"Guide du jeu Scatter Play\" src=\"https:\/\/communityspiritgaming.com\/wp-content\/uploads\/Scatter_Play-300x150.png\" alt=\"Guide du jeu Scatter Play\" width=\"300\" height=\"150\" srcset=\"https:\/\/communityspiritgaming.com\/wp-content\/uploads\/Scatter_Play-300x150.png 300w, https:\/\/communityspiritgaming.com\/wp-content\/uploads\/Scatter_Play.png 460w\" sizes=\"(max-width: 300px) 100vw, 300px\" \/><\/a><a href=\"\/wp-content\/uploads\/Fiesta-Grande-Burning-Love-nonprogressive-91-payout-FINAL-Tearpad-French.pdf\" target=\"_blank\" rel=\"noopener\"><img decoding=\"async\" loading=\"lazy\" class=\"wp-image-1422 size-medium alignnone\" title=\"Guide du jeu Fiesta Grande\" src=\"https:\/\/communityspiritgaming.com\/wp-content\/uploads\/Fiesta_Grande-300x150.png\" alt=\"Guide du jeu Fiesta Grande\" width=\"300\" height=\"150\" srcset=\"https:\/\/communityspiritgaming.com\/wp-content\/uploads\/Fiesta_Grande-300x150.png 300w, https:\/\/communityspiritgaming.com\/wp-content\/uploads\/Fiesta_Grande.png 460w\" sizes=\"(max-width: 300px) 100vw, 300px\" \/><\/a><\/center>[\/vc_column_text][vc_column_text]<\/p>\n<p><center><a href=\"https:\/\/communityspiritgaming.com\/wp-content\/uploads\/SiberianStormGuide-FR.pdf\" target=\"_blank\" rel=\"noopener\"><img decoding=\"async\" loading=\"lazy\" class=\"alignnone wp-image-2214 size-medium\" title=\"Guide du jeu Siberian Storm\" src=\"https:\/\/communityspiritgaming.com\/wp-content\/uploads\/b2nX5h05-300x90.png\" alt=\"Guide du jeu Siberian Storm\" width=\"300\" height=\"90\" \/><\/a><a href=\"\/wp-content\/uploads\/BengalEyesGuide-FR.pdf\" target=\"_blank\" rel=\"noopener\"><img decoding=\"async\" loading=\"lazy\" class=\"alignnone wp-image-2215 size-medium\" title=\"Guide du jeu Bengal Eyes\" src=\"https:\/\/communityspiritgaming.com\/wp-content\/uploads\/Logo_BengalEyes_TM-300x131.png\" alt=\"Guide du jeu Bengal Eyes\" width=\"300\" height=\"131\" \/><\/a><a href=\"\/wp-content\/uploads\/CelestialPalaceGuide-FR.pdf\" target=\"_blank\" rel=\"noopener\"><img decoding=\"async\" loading=\"lazy\" class=\"alignnone wp-image-2216 size-medium\" title=\"Guide du jeu Celestial Palace\" src=\"https:\/\/communityspiritgaming.com\/wp-content\/uploads\/Logo_CelestialPalace_TM-300x42.png\" alt=\"Guide du jeu Celestial Palace\" width=\"300\" height=\"42\" \/><\/a><a href=\"\/wp-content\/uploads\/GoldenRoosterGuide-FR.pdf\" target=\"_blank\" rel=\"noopener\"><img decoding=\"async\" loading=\"lazy\" class=\"alignnone wp-image-2217 size-medium\" title=\"Guide du jeu Golden Rooster\" src=\"https:\/\/communityspiritgaming.com\/wp-content\/uploads\/Logo_GoldenRooster_TM-300x82.png\" alt=\"Guide du jeu Golden Rooster\" width=\"300\" height=\"82\" \/><\/a><a href=\"\/wp-content\/uploads\/UrbanMysteriesGuide-FR.pdf\" target=\"_blank\" rel=\"noopener\"><img decoding=\"async\" loading=\"lazy\" class=\"alignnone wp-image-2218 size-medium\" title=\"Guide du jeu Urban Mysteries\" src=\"https:\/\/communityspiritgaming.com\/wp-content\/uploads\/Logo_UrbanMysteries_TM-300x79.png\" alt=\"Guide du jeu Urban Mysteries\" width=\"300\" height=\"79\" \/><\/a><a href=\"\/wp-content\/uploads\/WolfRunGuide-FR.pdf\" target=\"_blank\" rel=\"noopener\"><img decoding=\"async\" loading=\"lazy\" class=\"alignnone wp-image-2219 size-medium\" title=\"Guide du jeu Wolf Run\" src=\"https:\/\/communityspiritgaming.com\/wp-content\/uploads\/Logo_WolfRun_TM-300x81.png\" alt=\"Guide du jeu Wolf Run\" width=\"300\" height=\"81\" \/><\/a><a href=\"\/wp-content\/uploads\/PharaohsLegacyGuide-FR.pdf\" target=\"_blank\" rel=\"noopener noreferrer\"><img decoding=\"async\" loading=\"lazy\" class=\"alignnone wp-image-1928 size-medium\" title=\"Guide du jeu Pharaoh's Legacy\" src=\"https:\/\/communityspiritgaming.com\/wp-content\/uploads\/pharaohslegand-300x161.png\" alt=\"Guide du jeu Pharaoh's Legacy\" width=\"300\" height=\"161\" srcset=\"https:\/\/communityspiritgaming.com\/wp-content\/uploads\/pharaohslegand-300x161.png 300w, https:\/\/communityspiritgaming.com\/wp-content\/uploads\/pharaohslegand-768x411.png 768w, https:\/\/communityspiritgaming.com\/wp-content\/uploads\/pharaohslegand-1024x548.png 1024w, https:\/\/communityspiritgaming.com\/wp-content\/uploads\/pharaohslegand.png 1210w\" sizes=\"(max-width: 300px) 100vw, 300px\" \/><\/a><a href=\"\/wp-content\/uploads\/TheWildOutbackGuide-FR.pdf\" target=\"_blank\" rel=\"noopener\"><img decoding=\"async\" loading=\"lazy\" class=\"alignnone wp-image-1929 size-medium\" title=\"Guide du jeu The Wild Outback\" src=\"https:\/\/communityspiritgaming.com\/wp-content\/uploads\/thewildoutback-300x200.png\" alt=\"Guide du jeuThe Wild Outback\" width=\"300\" height=\"200\" srcset=\"https:\/\/communityspiritgaming.com\/wp-content\/uploads\/thewildoutback-300x200.png 300w, https:\/\/communityspiritgaming.com\/wp-content\/uploads\/thewildoutback-768x511.png 768w, https:\/\/communityspiritgaming.com\/wp-content\/uploads\/thewildoutback-1024x681.png 1024w, https:\/\/communityspiritgaming.com\/wp-content\/uploads\/thewildoutback.png 1160w\" sizes=\"(max-width: 300px) 100vw, 300px\" \/><\/a><\/center>[\/vc_column_text][vc_column_text]<\/p>\n<p><center><a href=\"\/wp-content\/uploads\/8GameSetGuide-FR.pdf\" target=\"_blank\" rel=\"noopener\"><img decoding=\"async\" loading=\"lazy\" class=\"alignnone wp-image-1920 size-medium\" title=\"Guide du jeu 7s Wild\" src=\"https:\/\/communityspiritgaming.com\/wp-content\/uploads\/Logo_7sWild-300x143.png\" alt=\"Guide du jeu 7s Wild\" width=\"300\" height=\"143\" srcset=\"https:\/\/communityspiritgaming.com\/wp-content\/uploads\/Logo_7sWild-300x143.png 300w, https:\/\/communityspiritgaming.com\/wp-content\/uploads\/Logo_7sWild-768x366.png 768w, https:\/\/communityspiritgaming.com\/wp-content\/uploads\/Logo_7sWild-1024x487.png 1024w, https:\/\/communityspiritgaming.com\/wp-content\/uploads\/Logo_7sWild.png 1916w\" sizes=\"(max-width: 300px) 100vw, 300px\" \/><img decoding=\"async\" loading=\"lazy\" class=\"alignnone wp-image-1927 size-medium\" title=\"Guide du jeu Wufu Fortunes\" src=\"https:\/\/communityspiritgaming.com\/wp-content\/uploads\/Logo_WuFuFortunes-300x114.png\" alt=\"Guide du jeu Wufu Fortunes\" width=\"300\" height=\"114\" srcset=\"https:\/\/communityspiritgaming.com\/wp-content\/uploads\/Logo_WuFuFortunes-300x114.png 300w, https:\/\/communityspiritgaming.com\/wp-content\/uploads\/Logo_WuFuFortunes.png 750w\" sizes=\"(max-width: 300px) 100vw, 300px\" \/><img decoding=\"async\" loading=\"lazy\" class=\"alignnone wp-image-1925 size-medium\" title=\"Guide du jeu The Wild Life\" src=\"https:\/\/communityspiritgaming.com\/wp-content\/uploads\/Logo_TheWildLife-300x63.png\" alt=\"Guide du jeu The Wild Life\" width=\"300\" height=\"63\" srcset=\"https:\/\/communityspiritgaming.com\/wp-content\/uploads\/Logo_TheWildLife-300x63.png 300w, https:\/\/communityspiritgaming.com\/wp-content\/uploads\/Logo_TheWildLife-768x162.png 768w, https:\/\/communityspiritgaming.com\/wp-content\/uploads\/Logo_TheWildLife-1024x215.png 1024w\" sizes=\"(max-width: 300px) 100vw, 300px\" \/><img decoding=\"async\" loading=\"lazy\" class=\"alignnone wp-image-1923 size-medium\" title=\"Guide du jeu Sphinx\" src=\"https:\/\/communityspiritgaming.com\/wp-content\/uploads\/Logo_Sphinx-300x104.png\" alt=\"Guide du jeu Sphinx\" width=\"300\" height=\"104\" srcset=\"https:\/\/communityspiritgaming.com\/wp-content\/uploads\/Logo_Sphinx-300x104.png 300w, https:\/\/communityspiritgaming.com\/wp-content\/uploads\/Logo_Sphinx-768x267.png 768w, https:\/\/communityspiritgaming.com\/wp-content\/uploads\/Logo_Sphinx-1024x356.png 1024w\" sizes=\"(max-width: 300px) 100vw, 300px\" \/><img decoding=\"async\" loading=\"lazy\" class=\"alignnone wp-image-1922 size-medium\" title=\"Guide du jeu Smash the Pig!\" src=\"https:\/\/communityspiritgaming.com\/wp-content\/uploads\/Logo_SmashThePig-300x60.png\" alt=\"Guide du jeu Smash the Pig!\" width=\"300\" height=\"60\" srcset=\"https:\/\/communityspiritgaming.com\/wp-content\/uploads\/Logo_SmashThePig-300x60.png 300w, https:\/\/communityspiritgaming.com\/wp-content\/uploads\/Logo_SmashThePig-768x154.png 768w, https:\/\/communityspiritgaming.com\/wp-content\/uploads\/Logo_SmashThePig-1024x205.png 1024w\" sizes=\"(max-width: 300px) 100vw, 300px\" \/><img decoding=\"async\" loading=\"lazy\" class=\"alignnone wp-image-1921 size-medium\" title=\"Guide du jeu Big City 5's\" src=\"https:\/\/communityspiritgaming.com\/wp-content\/uploads\/Logo_BigCity5s-300x198.png\" alt=\"Guide du jeu Big City 5's\" width=\"300\" height=\"198\" srcset=\"https:\/\/communityspiritgaming.com\/wp-content\/uploads\/Logo_BigCity5s-300x198.png 300w, https:\/\/communityspiritgaming.com\/wp-content\/uploads\/Logo_BigCity5s-768x506.png 768w, https:\/\/communityspiritgaming.com\/wp-content\/uploads\/Logo_BigCity5s-1024x674.png 1024w, https:\/\/communityspiritgaming.com\/wp-content\/uploads\/Logo_BigCity5s.png 1280w\" sizes=\"(max-width: 300px) 100vw, 300px\" \/><\/a><\/center>[\/vc_column_text][\/vc_column][\/vc_row]<\/p>\n<\/section>","protected":false},"excerpt":{"rendered":"<p>[vc_row full_width= &raquo;stretch_row &raquo;][vc_column][vc_row_inner][vc_column_inner width= &raquo;2\/3&Prime;][vc_column_text] Jouer Sur Demande Les jeux POD sont des jeux \u00e9lectroniques rapides auxquels vous pouvez jouer de fa\u00e7on ind\u00e9pendante, entre les s\u00e9ances de bingo, aux [&hellip;]<\/p>\n","protected":false},"author":1,"featured_media":811,"parent":0,"menu_order":0,"comment_status":"closed","ping_status":"closed","template":"","meta":{"inline_featured_image":false,"footnotes":""},"_links":{"self":[{"href":"https:\/\/communityspiritgaming.com\/fr\/wp-json\/wp\/v2\/pages\/654"}],"collection":[{"href":"https:\/\/communityspiritgaming.com\/fr\/wp-json\/wp\/v2\/pages"}],"about":[{"href":"https:\/\/communityspiritgaming.com\/fr\/wp-json\/wp\/v2\/types\/page"}],"author":[{"embeddable":true,"href":"https:\/\/communityspiritgaming.com\/fr\/wp-json\/wp\/v2\/users\/1"}],"replies":[{"embeddable":true,"href":"https:\/\/communityspiritgaming.com\/fr\/wp-json\/wp\/v2\/comments?post=654"}],"version-history":[{"count":47,"href":"https:\/\/communityspiritgaming.com\/fr\/wp-json\/wp\/v2\/pages\/654\/revisions"}],"predecessor-version":[{"id":2218,"href":"https:\/\/communityspiritgaming.com\/fr\/wp-json\/wp\/v2\/pages\/654\/revisions\/2218"}],"wp:featuredmedia":[{"embeddable":true,"href":"https:\/\/communityspiritgaming.com\/fr\/wp-json\/wp\/v2\/media\/811"}],"wp:attachment":[{"href":"https:\/\/communityspiritgaming.com\/fr\/wp-json\/wp\/v2\/media?parent=654"}],"curies":[{"name":"wp","href":"https:\/\/api.w.org\/{rel}","templated":true}]}}