{"id":618,"date":"2018-10-21T19:58:21","date_gmt":"2018-10-21T23:58:21","guid":{"rendered":"https:\/\/communityspiritgaming.com\/?page_id=618"},"modified":"2021-08-13T20:32:21","modified_gmt":"2021-08-14T00:32:21","slug":"employment-opportunities","status":"publish","type":"page","link":"https:\/\/communityspiritgaming.com\/fr\/employment-opportunities\/","title":{"rendered":"Opportunit\u00e9s D&#8217;emploi"},"content":{"rendered":"<section class=\"wpb-content-wrapper\"><p>[vc_row][vc_column][vc_column_text]<span class=\"fpar\">Envisager de devenir un membre de Community Spirit Gaming Centre Centre. Nos parties de qualit\u00e9 assurent la prise en charge de nombreuses \u0153uvres de charit\u00e9s locales initiatives pour b\u00e2tir un meilleur Kingston et un meilleur Ontario. Community Spirit Gaming Centre Centre offre un environnement de travail au service \u00e0 la client\u00e8le rapide, un d\u00e9fi \u00e0 l&rsquo;innovation. Nous sommes un employeur qui respecte l&rsquo;\u00e9galit\u00e9 opportunit\u00e9 d&#8217;emploi et nous offrons une formation compl\u00e8te.<\/span>[\/vc_column_text][\/vc_column][\/vc_row][vc_row][vc_column][vc_column_text]<\/p>\n<p>[\/vc_column_text][\/vc_column][\/vc_row][vc_row full_width= &raquo;stretch_row &raquo; css= &raquo;.vc_custom_1546124823459{padding-bottom: 25px !important;background-color: #f7f7f7 !important;} &raquo;][vc_column][vc_column_text]<\/p>\n<h2 id=\"tw-target-text\" class=\"tw-data-text tw-ta tw-text-medium\" dir=\"ltr\" data-placeholder=\"Translation\"><span lang=\"fr\">Possitions Disponibles<\/span><\/h2>\n<hr \/>\n<p>[\/vc_column_text][vc_btn title= &raquo;Tableau des offres d&#8217;emploi &raquo; shape= &raquo;round &raquo; link= &raquo;url:https%3A%2F%2Femplois.ca.indeed.com%2Femplois%3Fq%3Dcompany%3A(Community%2520Spirit%2520Gaming%2520Centre)%26l%3DKingston%2C%2520ON%26hl%3Dfr|title:Tableau%20des%20offres%20d&#8217;emploi|target:%20_blank| &raquo; el_class= &raquo;btn-cs-primary &raquo;][\/vc_column][\/vc_row][vc_row][vc_column][vc_text_separator title= &raquo;Job Descriptions &raquo;][vc_row_inner][vc_column_inner width= &raquo;1\/2&Prime;][vc_column_text]<\/p>\n<h3>Les Jeux Minist\u00e8re<\/h3>\n<hr \/>\n<ul>\n<li><a href=\"https:\/\/communityspiritgaming.com\/fr\/employment-opportunities\/session-supervisor\/\" target=\"_blank\" rel=\"noopener\">Session Manager<\/a><\/li>\n<li><a href=\"https:\/\/communityspiritgaming.com\/fr\/employment-opportunities\/bingo-caller\/\" target=\"_blank\" rel=\"noopener\">Bingo Caller<\/a><\/li>\n<li><a href=\"https:\/\/communityspiritgaming.com\/fr\/employment-opportunities\/customer-service-representative\/\" target=\"_blank\" rel=\"noopener\">Repr\u00e9sentant du Service Client\u00e8le<\/a><\/li>\n<\/ul>\n<h3>D\u00e9partement des Services environnementaux<\/h3>\n<hr \/>\n<ul>\n<li><a href=\"https:\/\/communityspiritgaming.com\/fr\/employment-opportunities\/cleaner\/\" target=\"_blank\" rel=\"noopener\">Nettoyeur<\/a><\/li>\n<\/ul>\n<p>[\/vc_column_text][\/vc_column_inner][vc_column_inner width= &raquo;1\/2&Prime;][vc_column_text]<\/p>\n<h3>Service D&rsquo;aliments Et Boissons<\/h3>\n<hr \/>\n<ul>\n<li><a href=\"https:\/\/communityspiritgaming.com\/fr\/employment-opportunities\/cook\/\" target=\"_blank\" rel=\"noopener\">Chef<\/a><\/li>\n<li><a href=\"https:\/\/communityspiritgaming.com\/fr\/employment-opportunities\/wait-staff\/\" target=\"_blank\" rel=\"noopener\">Attendre Le Personnel<\/a><\/li>\n<\/ul>\n<p>[\/vc_column_text][\/vc_column_inner][\/vc_row_inner][\/vc_column][\/vc_row]<\/p>\n<\/section>","protected":false},"excerpt":{"rendered":"<p>[vc_row][vc_column][vc_column_text]Envisager de devenir un membre de Community Spirit Gaming Centre Centre. Nos parties de qualit\u00e9 assurent la prise en charge de nombreuses \u0153uvres de charit\u00e9s locales initiatives pour b\u00e2tir un [&hellip;]<\/p>\n","protected":false},"author":1,"featured_media":1356,"parent":0,"menu_order":0,"comment_status":"closed","ping_status":"closed","template":"","meta":{"inline_featured_image":false,"footnotes":""},"_links":{"self":[{"href":"https:\/\/communityspiritgaming.com\/fr\/wp-json\/wp\/v2\/pages\/618"}],"collection":[{"href":"https:\/\/communityspiritgaming.com\/fr\/wp-json\/wp\/v2\/pages"}],"about":[{"href":"https:\/\/communityspiritgaming.com\/fr\/wp-json\/wp\/v2\/types\/page"}],"author":[{"embeddable":true,"href":"https:\/\/communityspiritgaming.com\/fr\/wp-json\/wp\/v2\/users\/1"}],"replies":[{"embeddable":true,"href":"https:\/\/communityspiritgaming.com\/fr\/wp-json\/wp\/v2\/comments?post=618"}],"version-history":[{"count":18,"href":"https:\/\/communityspiritgaming.com\/fr\/wp-json\/wp\/v2\/pages\/618\/revisions"}],"predecessor-version":[{"id":2145,"href":"https:\/\/communityspiritgaming.com\/fr\/wp-json\/wp\/v2\/pages\/618\/revisions\/2145"}],"wp:featuredmedia":[{"embeddable":true,"href":"https:\/\/communityspiritgaming.com\/fr\/wp-json\/wp\/v2\/media\/1356"}],"wp:attachment":[{"href":"https:\/\/communityspiritgaming.com\/fr\/wp-json\/wp\/v2\/media?parent=618"}],"curies":[{"name":"wp","href":"https:\/\/api.w.org\/{rel}","templated":true}]}}