{"id":609,"date":"2018-10-21T19:39:42","date_gmt":"2018-10-21T23:39:42","guid":{"rendered":"https:\/\/communityspiritgaming.com\/?page_id=609"},"modified":"2018-12-22T06:49:12","modified_gmt":"2018-12-22T11:49:12","slug":"charities","status":"publish","type":"page","link":"https:\/\/communityspiritgaming.com\/fr\/charities\/","title":{"rendered":"Charit\u00e9"},"content":{"rendered":"<section class=\"wpb-content-wrapper\"><p>[vc_row][vc_column][vc_column_text]<span class=\"fpar\">Community Spirit Gaming Centre Centre est fier d&rsquo;\u00eatre partenaire avec 45 organisations de charit\u00e9 locale qui contribuent de plusieurs mani\u00e8res \u00e0 notre communaut\u00e9 ainsi que notre qualit\u00e9 de vie.<\/span><\/p>\n<p><ul><li><a href='http:\/\/almosthome.on.ca\/' target='_blank'>Almost Home<\/a><\/li><li><a href='https:\/\/www.amherstviewjetspjhl.ca' target='_blank'>Amherstview Jets<\/a><\/li><li><a href='https:\/\/e-clubhouse.org\/sites\/bathon\/' target='_blank'>Bath & District Lions Club<\/a><\/li><li><a href='https:\/\/kingston.bigbrothersbigsisters.ca\/' target='_blank'>Big Brothers & Big Sisters Association of Kingston, Frontenac, Lennox & Addington, Inc.<\/a><\/li><li><a href='http:\/\/www.blessedsacramentamherstview.org\/' target='_blank'>Blessed Sacrament Church<\/a><\/li><li><a href='http:\/\/www.bgckingston.ca\/' target='_blank'>Boys and Girls Club of Kingston and Area<\/a><\/li><li>Club Optimiste de Kingston<\/li><li><a href='https:\/\/collinsbay.limestone.on.ca' target='_blank'>Collin's Bay Public School<\/a><\/li><li><a href='https:\/\/www.dawnhouse.ca' target='_blank'>Dawn House Services and Housing for Women<\/a><\/li><li><a href='https:\/\/madeleine-de-roybon.cepeo.on.ca\/' target='_blank'>\u00c9cole Madeleine-de-Roybon Council<\/a><\/li><li><a href='https:\/\/polsonpark.limestone.on.ca\/' target='_blank'>\u00c9cole Polson Park Public School Council<\/a><\/li><li><a href='http:\/\/efrykingston.ca\/' target='_blank'>Elizabeth Fry Society of Kingston<\/a><\/li><li><a href='http:\/\/www.epilepsyresource.org\/' target='_blank'>Epilepsy South Eastern Ontario (formerly Epilepsy Kingston)<\/a><\/li><li><a href='http:\/\/www.eafkingston.com\/' target='_blank'>Extend-A-Family Kingston<\/a><\/li><li><a href='https:\/\/glenburnie.limestone.on.ca' target='_blank'>Glenburnie Public School<\/a><\/li><li><a href='https:\/\/www.alcdsb.on.ca\/School\/hcss\/Pages\/default.aspx#\/=' target='_blank'>Holy Cross Secondary School<\/a><\/li><li><a href='http:\/\/kingstonservicedogs.ca\/' target='_blank'>Kingston 4 Paws Service Dogs<\/a><\/li><li><a href='http:\/\/aerostrampoline.com\/Home_Page.html' target='_blank'>Kingston Aeros Trampoline Club<\/a><\/li><li><a href='http:\/\/www.modernfuel.org\/' target='_blank'>Kingston Artist's Association<\/a><\/li><li><a href='http:\/\/kingstonbaseball.ca\/' target='_blank'>Kingston Baseball Association<\/a><\/li><li><a href='https:\/\/www.kingstonimpact.ca\/' target='_blank'>Kingston Impact Basketball<\/a><\/li><li><a href='https:\/\/kingstonpanthersrugby.com\/' target='_blank'>Kingston Panthers Rugby Club<\/a><\/li><li>Kingston Police Pipe Band<\/li><li><a href='https:\/\/kss.limestone.on.ca\/' target='_blank'>Kingston Secondary School<\/a><\/li><li><a href='http:\/\/kingstonthunder.com\/' target='_blank'>Kingston Thunder Baseball<\/a><\/li><li><a href='http:\/\/www.lagarderiecroque-soleil.com\/' target='_blank'>La Garderie Croque-Soleil<\/a><\/li><li><a href='https:\/\/centreculturelfrontenac.wordpress.com\/' target='_blank'>Le Centre Culturel Frontenac<\/a><\/li><li><a href='https:\/\/www.ldakingston.com\/' target='_blank'>Learning Disabilities Association of Kingston<\/a><\/li><li><a href='https:\/\/www.e-clubhouse.org\/sites\/gananoque\/' target='_blank'>Lions Club of Gananoque Inc.<\/a><\/li><li><a href='https:\/\/kingstonlions.com\/' target='_blank'>Lions Club of Kingston Inc.<\/a><\/li><li><a href='http:\/\/navyleagueont.ca\/index.html' target='_blank'>Navy League of Canada, Ontario Division<\/a><\/li><li><a href='https:\/\/e-clubhouse.org\/sites\/newburghcamdenon\/' target='_blank'>Newburgh-Camden Lions Club<\/a><\/li><li><a href='https:\/\/frontenachockey.ca\/' target='_blank'>North Frontenac Minor Hockey Association<\/a><\/li><li><a href='https:\/\/e-clubhouse.org\/sites\/pittsburgon\/' target='_blank'>Pittsburgh Township Lions Club<\/a><\/li><li>Quintinlian Way<\/li><li><a href='http:\/\/www.kingstonrotary.ca\/' target='_blank'>Rotary Club of Cataraqui-Kingston Inc.<\/a><\/li><li><a href='http:\/\/560legionkingston.ca\/' target='_blank'>Royal Canadian Legion Branch 560<\/a><\/li><li><a href='http:\/\/ryandale.ca\/' target='_blank'>Ryandale Transitional Housing<\/a><\/li><li><a href='http:\/\/shebashaven.ca\/' target='_blank'>Sheba's Haven Rescue<\/a><\/li><li><a href='http:\/\/kingston.specialolympicsontario.ca\/' target='_blank'>Special Olympics Kingston<\/a><\/li><li><a href='http:\/\/www.blessedsacramentamherstview.org\/' target='_blank'>St. Linus Catholic Church<\/a><\/li><li><a href='http:\/\/stmaryscathedral.ca\/' target='_blank'>St. Mary's Cathedral<\/a><\/li><li><a href='http:\/\/www.e-clubhouse.org\/sites\/storringtonon\/' target='_blank'>Storrington Lions Club<\/a><\/li><li><a href='https:\/\/holsgrove.limestone.on.ca\/' target='_blank'>WJ Holsgrove School<\/a><\/li><li>Young At Heart Seniors Club<\/li><\/ul>[\/vc_column_text][\/vc_column][\/vc_row]<\/p>\n<\/section>","protected":false},"excerpt":{"rendered":"<p>[vc_row][vc_column][vc_column_text]Community Spirit Gaming Centre Centre est fier d&rsquo;\u00eatre partenaire avec organisations de charit\u00e9 locale qui contribuent de plusieurs mani\u00e8res \u00e0 notre communaut\u00e9 ainsi que notre qualit\u00e9 de vie. [\/vc_column_text][\/vc_column][\/vc_row]<\/p>\n","protected":false},"author":1,"featured_media":1352,"parent":0,"menu_order":0,"comment_status":"closed","ping_status":"closed","template":"","meta":{"inline_featured_image":false,"footnotes":""},"_links":{"self":[{"href":"https:\/\/communityspiritgaming.com\/fr\/wp-json\/wp\/v2\/pages\/609"}],"collection":[{"href":"https:\/\/communityspiritgaming.com\/fr\/wp-json\/wp\/v2\/pages"}],"about":[{"href":"https:\/\/communityspiritgaming.com\/fr\/wp-json\/wp\/v2\/types\/page"}],"author":[{"embeddable":true,"href":"https:\/\/communityspiritgaming.com\/fr\/wp-json\/wp\/v2\/users\/1"}],"replies":[{"embeddable":true,"href":"https:\/\/communityspiritgaming.com\/fr\/wp-json\/wp\/v2\/comments?post=609"}],"version-history":[{"count":5,"href":"https:\/\/communityspiritgaming.com\/fr\/wp-json\/wp\/v2\/pages\/609\/revisions"}],"predecessor-version":[{"id":1640,"href":"https:\/\/communityspiritgaming.com\/fr\/wp-json\/wp\/v2\/pages\/609\/revisions\/1640"}],"wp:featuredmedia":[{"embeddable":true,"href":"https:\/\/communityspiritgaming.com\/fr\/wp-json\/wp\/v2\/media\/1352"}],"wp:attachment":[{"href":"https:\/\/communityspiritgaming.com\/fr\/wp-json\/wp\/v2\/media?parent=609"}],"curies":[{"name":"wp","href":"https:\/\/api.w.org\/{rel}","templated":true}]}}