{"id":490,"date":"2018-10-18T18:20:31","date_gmt":"2018-10-18T22:20:31","guid":{"rendered":"https:\/\/communityspiritgaming.com\/?page_id=490"},"modified":"2025-11-28T08:15:28","modified_gmt":"2025-11-28T13:15:28","slug":"bingo","status":"publish","type":"page","link":"https:\/\/communityspiritgaming.com\/fr\/bingo\/","title":{"rendered":"Bingo"},"content":{"rendered":"<section class=\"wpb-content-wrapper\"><p>[vc_row][vc_column]<h2>Prochaine Session de Bingo<\/h2><hr><div style=\"text-align: center; font-size: 20px; font-weight: bold;\"><a href=\"https:\/\/communityspiritgaming.com\/wp-content\/uploads\/2018\/11\/breakfast_fr.pdf\" target=\"_blank\">Breakfast Session<\/a><\/div><div class=\"flip-clock-holder\"><div class=\"bingo-session-clock\"><\/div><\/div><script>\r\n\t\t\t\t\tvar lastDecrement = Date.now();\t\t\r\n\t\t\t\t\tjQuery(\".bingo-session-clock\").FlipClock(\r\n\t\t\t\t\t\tgetTimeDiff(\"2026-04-21T13:30:00Z\"), \r\n\t\t\t\t\t\t{\r\n\t\t\t\t\t\t\t\tcountdown: true, \r\n\t\t\t\t\t\t\t\tlanguage: \"french\",\r\n\t\t\t\t\t\t\t\tcallbacks: {\r\n\t\t\t\t\t\t\t\t\tstop: function() {\r\n\t\t\t\t\t\t\t\t\t\tlocation.reload();\r\n\t\t\t\t\t\t\t\t\t},\r\n\t\t\t\t\t\t\t\t\tinterval: function() {\r\n\t\t\t\t\t\t\t\t\t\tif (this.factory.time.time > getTimeDiff(\"2026-04-21T13:30:00Z\")+10) {\r\n\t\t\t\t\t\t\t\t\t\t\tthis.factory.setTime(getTimeDiff(\"2026-04-21T13:30:00Z\"))\r\n\t\t\t\t\t\t\t\t\t\t}\r\n\t\t\t\t\t\t\t\t\t}\r\n\t\t\t\t\t\t\t}\t\t\t\t\t\t\t\t\t\t\r\n\t\t\t\t\t\t}\r\n\t\t\t\t\t);\t\t\t\t\t\r\n\t\t\t\t\t\r\n\t\t\t\t\tfunction getTimeDiff(date) {\r\n\t\t\t\t\t\tvar time = new Date(date).getTime() \/ 1000 - Date.now() \/ 1000;\r\n\t\t\t\t\t\tif (time < 0)\r\n\t\t\t\t\t\t\tlocation.reload();\r\n\t\t\t\t\t\treturn new Date(date).getTime() \/ 1000 - Date.now() \/ 1000;\r\n\t\t\t\t\t} \r\n\t\t\t\t<\/script>[\/vc_column][\/vc_row][vc_row][vc_column][vc_column_text]\n\t\t\t\t<div class=\"jackpot-wrapper\">\n\t\t\t\t\t<h2>Gros Lots Actuels <span class=\"jackpot-sync fa fa-refresh\"><\/span><\/h2>\n\t\t\t\t\t<hr\/>\n\t\t\t\t\t<div class=\"loading\">\n\t\t\t\t\t\t\n\t\t\t\t\t\t<object type=\"image\/svg+xml\"  data=\"https:\/\/communityspiritgaming.com\/wp-content\/plugins\/jackpot\/loading.svg\">Your browser does not support SVG<\/object>\n\t\t\t\t\t<\/div>\n\t\t\t\t\t<div class=\"jackpot-holder vc_row wpb_row vc_inner vc_row-fluid\">\n\t\t\t\t\t<\/div>\n\t\t\t\t <\/div>[\/vc_column_text][\/vc_column][\/vc_row][vc_row][vc_column width= &raquo;1\/2&Prime;][vc_column_text]<\/p>\n<h2>Bingo Informations De Session<\/h2>\n<p><table><tr><td align=\"right\">9:30 am<\/td><td><a href=\"https:\/\/communityspiritgaming.com\/wp-content\/uploads\/2018\/11\/breakfast_fr.pdf\" target=\"_blank\">Breakfast Session<\/a><\/td><\/tr><tr><td align=\"right\">12:30 pm<\/td><td><a href=\"https:\/\/communityspiritgaming.com\/wp-content\/uploads\/2018\/11\/matinee_fr.pdf\" target=\"_blank\">Matin\u00e9e Session<\/a><\/td><\/tr><tr><td align=\"right\">6:15 pm<\/td><td>Mini Session<\/td><\/tr><tr><td align=\"right\">7:00 pm<\/td><td><a href=\"https:\/\/communityspiritgaming.com\/wp-content\/uploads\/2018\/11\/evening_fr.pdf\" target=\"_blank\">Evening Session<\/a><\/td><\/tr><\/table>[\/vc_column_text][\/vc_column][vc_column width= &raquo;1\/2&Prime;][vc_column_text]<\/p>\n<h2><b>Heures De Fonctionnement<\/b><\/h2>\n<table border=\"0\" cellspacing=\"0\" cellpadding=\"3\">\n<tbody>\n<tr>\n<td valign=\"top\">9:00 AM &#8211; 1:00 h tous les jours<\/td>\n<\/tr>\n<tr>\n<td><\/td>\n<\/tr>\n<\/tbody>\n<\/table>\n<p>[\/vc_column_text][vc_column_text]<\/p>\n<h2>Documents de Ressources<\/h2>\n<table>\n<tbody>\n<tr>\n<td><a href=\"\/wp-content\/uploads\/gameguide_fr.pdf\" target=\"_blank\" rel=\"noopener\">Guide des Jeux de Bingo<\/a><\/td>\n<\/tr>\n<tr>\n<td><a href=\"\/wp-content\/uploads\/houserules_fr.pdf\" target=\"_blank\" rel=\"noopener\">R\u00e8glement de l\u2019\u00e9tablissement<\/a><\/td>\n<\/tr>\n<tr>\n<td><a href=\"\/wp-content\/uploads\/bingopatternodds_fr.pdf\" target=\"_blank\" rel=\"noopener\">Combinaisons des Parties<\/a><\/td>\n<\/tr>\n<tr>\n<td><a href=\"\/wp-content\/uploads\/refundpolicy_fr.pdf\" target=\"_blank\" rel=\"noopener\">Politique de remboursement<\/a><\/td>\n<\/tr>\n<\/tbody>\n<\/table>\n<p>[\/vc_column_text][\/vc_column][\/vc_row][vc_row full_width= &raquo;stretch_row &raquo; css= &raquo;.vc_custom_1543105183529{background-color: #f7f7f7 !important;} &raquo;][vc_column][vc_row_inner][vc_column_inner width= &raquo;1\/2&Prime;][vc_column_text]<\/p>\n<h2>Papier Bingo<\/h2>\n<hr \/>\n<p>Le bingo sur papier constitue la fa\u00e7on traditionnelle de jouer au bingo que nous connaissons et que nous aimons tous. Lorsque vous avez votre tampon, il vous faut simplement vos livrets de bingo ou vos cartes sp\u00e9ciales pour la s\u00e9ance de bingo \u00e0 laquelle vous d\u00e9sirez participer au centre.[\/vc_column_text][vc_btn title= &raquo;Comment jouer Paper Bingo &raquo; shape= &raquo;round &raquo; align= &raquo;center &raquo; i_align= &raquo;right &raquo; i_type= &raquo;entypo &raquo; i_icon_entypo= &raquo;entypo-icon entypo-icon-export &raquo; add_icon= &raquo;true &raquo; link= &raquo;url:%2Fwp-content%2Fuploads%2FPlaySmart_PDFs_PaperBingo_FRE.pdf|title:Comment%20jouer%20Paper%20Bingo|target:%20_blank| &raquo; el_class= &raquo;btn-cs-primary &raquo;][\/vc_column_inner][vc_column_inner width= &raquo;1\/2&Prime;][vc_column_text]<\/p>\n<h2>Bingo \u00c9lectronique<\/h2>\n<hr \/>\n<p><span class=\"fpar\">Cette approche automatis\u00e9e fournit aux joueurs un ordinateur tactile, au lieu d&rsquo;une version traditionnelle compos\u00e9e de papier et de barbouilleur. Nous avons 196 machines o\u00f9 vous pouvez jouer avec une multitude de cartes en suivant simplement les instructions faciles \u00e9tapes par \u00e9tapes sur votre \u00e9cran.<\/span>[\/vc_column_text][vc_btn title= &raquo;Comment jouer Electronic Bingo &raquo; shape= &raquo;round &raquo; align= &raquo;center &raquo; i_align= &raquo;right &raquo; i_type= &raquo;entypo &raquo; i_icon_entypo= &raquo;entypo-icon entypo-icon-export &raquo; add_icon= &raquo;true &raquo; link= &raquo;url:%2Fwp-content%2Fuploads%2FPlaySmart_PDFs_ElectronicBingo_FRE.pdf|title:Comment%20jouer%20Electronic%20Bingo|target:%20_blank| &raquo; el_class= &raquo;btn-cs-primary &raquo;][\/vc_column_inner][\/vc_row_inner][\/vc_column][\/vc_row][vc_row full_width= &raquo;stretch_row &raquo;][vc_column][vc_row_inner][vc_column_inner width= &raquo;2\/3&Prime;][vc_column_text]<\/p>\n<h2>Jouer Sur Demande<\/h2>\n<hr \/>\n<p>Les jeux POD sont des jeux \u00e9lectroniques rapides auxquels vous pouvez jouer de fa\u00e7on ind\u00e9pendante, entre les s\u00e9ances de bingo, aux pauses ou m\u00eame pendant des parties de bingo. C\u2019est une fa\u00e7on amusante et facile de jouer \u00e0 vos jeux, comme vous voulez, n\u2019importe quand.<\/p>\n<p>Les jeux POD se jouent sur un dispositif de jeu de bingo \u00e9lectronique; cependant, contrairement au bingo traditionnel o\u00f9 les joueurs jouent les uns contre les autres, les jeux POD se jouent contre l\u2019ordinateur. Les r\u00e9sultats sont impr\u00e9visibles et les probabilit\u00e9s de gagner ne changent jamais.[\/vc_column_text][vc_btn title= &raquo;Nos Jeux Play On Demand (POD) &raquo; shape= &raquo;round &raquo; align= &raquo;center &raquo; i_align= &raquo;right &raquo; i_type= &raquo;entypo &raquo; i_icon_entypo= &raquo;entypo-icon entypo-icon-info &raquo; add_icon= &raquo;true &raquo; link= &raquo;url:%2Ffr%2Fgaming|title:Nos%20Jeux%20Play%20On%20Demand%20(POD)|| &raquo; el_class= &raquo;btn-cs-primary &raquo;][\/vc_column_inner][vc_column_inner width= &raquo;1\/3&Prime;][vc_single_image image= &raquo;1281&Prime; img_size= &raquo;medium &raquo; alignment= &raquo;center &raquo;][\/vc_column_inner][\/vc_row_inner][vc_row_inner css= &raquo;.vc_custom_1543108124218{margin-top: 20px !important;} &raquo;][vc_column_inner width= &raquo;1\/4&Prime;][vc_single_image image= &raquo;1230&Prime; img_size= &raquo;medium &raquo; alignment= &raquo;center &raquo;][\/vc_column_inner][vc_column_inner width= &raquo;3\/4&Prime;][vc_column_text]<\/p>\n<h2 class=\"hero-banner-title\">Turbo Challenge Bingo<\/h2>\n<hr \/>\n<p>Turbo Challenge Bingo est un jeu de bingo rapide avec obturateurs (de type shutterboard) qui se joue sur les terminaux de bingo \u00e9lectronique pendant les pauses entre les s\u00e9ances. Contrairement au bingo \u00e9lectronique, les num\u00e9ros \u00e0 Turbo Challenge Bingo sont annonc\u00e9s \u00e0 un rythme rapide (\u00e0 des intervalles de quelques secondes). Les joueurs doivent faire glisser les fen\u00eatres sur l\u2019\u00e9cran du terminal sur les num\u00e9ros correspondants. La vitesse rend ce jeu int\u00e9ressant pour les joueurs exp\u00e9riment\u00e9s qui aiment les sensations fortes et pour les d\u00e9butants qui ont envie d\u2019un jeu amusant et rapide.[\/vc_column_text][vc_btn title= &raquo;Comment jouer \u00e0 Turbo Challenge Bingo &raquo; shape= &raquo;round &raquo; align= &raquo;center &raquo; i_align= &raquo;right &raquo; i_type= &raquo;entypo &raquo; i_icon_entypo= &raquo;entypo-icon entypo-icon-export &raquo; add_icon= &raquo;true &raquo; link= &raquo;url:%2Fwp-content%2Fuploads%2FPlaySmart_PDFs_TurboChallenge_FRE.pdf|title:Comment%20jouer%20%C3%A0%20Turbo%20Challenge%20Bingo|target:%20_blank| &raquo; el_class= &raquo;btn-cs-primary &raquo;][\/vc_column_inner][\/vc_row_inner][\/vc_column][\/vc_row][vc_row][vc_column][vc_column_text]<\/p>\n<h2>Comment Jouer Au Bingo<\/h2>\n<hr \/>\n<p><img decoding=\"async\" loading=\"lazy\" class=\"alignright wp-image-1268 size-full\" src=\"https:\/\/communityspiritgaming.com\/wp-content\/uploads\/bingo.jpg\" alt=\"Image d'une carte de bingo\" width=\"125\" height=\"119\" \/>Le jeu de Bingo est tr\u00e8s simple \u00e0 apprendre. Pour plusieurs d&rsquo;entre nous, certains ont appris \u00e0 jouer au Bingo soit d\u00e8s notre enfance \u00e0 la petite \u00e9cole, ou dans notre entourage. Le Bingo conventionnel 75 se joue avec des cartes de Bingo o\u00f9 l&rsquo;on retrouve 5 rang\u00e9es horizontales et 5 colonnes verticales. Les colonnes sont num\u00e9rot\u00e9es B I N G O de gauche \u00e0 droite en haut de la grille et chaque ligne poss\u00e8de 5 chiffres dans chaque ligne, except\u00e9e la colonne du N qui inclut un  &raquo; espace gratuit  &raquo; \u00e0 l&rsquo;intersection de la troisi\u00e8me rang\u00e9e et de la troisi\u00e8me colonne. Les balles de Bingo sont num\u00e9rot\u00e9es de 1 \u00e0 75 et elles sont m\u00e9lang\u00e9es ensemble. Puis, elles sont choisies par hasard une \u00e0 la fois. Lorsque la balle est s\u00e9lectionn\u00e9e, le num\u00e9ro est annonc\u00e9 aux joueurs, qui marquent le num\u00e9ro correspondant sur leur carte de bingo avec un barbouilleur. Lorsque le joueur compl\u00e8te un jeu pr\u00e9d\u00e9termin\u00e9 o\u00f9 les num\u00e9ros sont couverts sur la carte de bingo, le joueur doit crier :  &raquo; BINGO &raquo;! Une fois que la carte de bingo est v\u00e9rifi\u00e9e et qu&rsquo;elle est bien correcte, le ou la gagnant (e) gagne la partie.<\/p>\n<p>Dans un jeu classique de bingo, afin de gagner, le joueur doit couvrir 5 espaces dans une colonne verticale, une colonne horizontale ou le long d&rsquo;un des deux diagonales de la carte. L&rsquo;espace libre dans le centre de la carte de bingo permet au joueur de gagner avec aussi peu que quatre num\u00e9ros en cours d&rsquo;\u00e9laboration. Les combinaisons gagnantes peuvent aussi inclure la couverture de num\u00e9ro qui formerait la formation de symboles tels qu&rsquo;un X, T ou L.<\/p>\n<p>Le g\u00e9rant du Bingo doit identifier les combinaisons gagnantes des lettres recouvertes pour une partie en particulier. C&rsquo;est \u00e9galement populaire de jouer des parties  &raquo; pleines cartes  &raquo; ou  &raquo; black-out  &raquo; o\u00f9 on retrouverait les 24 num\u00e9ros de la carte de bingo recouvertes pour \u00eatre dans la mesure de gagner.<\/p>\n<p>Les joueurs ach\u00e8tent leurs cartes durant la session de bingo, ce qui cr\u00e9e un tas d&rsquo;argent. Les gagnants des parties re\u00e7oivent un ch\u00e8que ou des prix en marchandises. Typiquement, une session de bingo inclue plusieurs jeux individuels de bingo et on conclut la session avec un jeu o\u00f9 un grand prix est d\u00e9cern\u00e9.<\/p>\n<h2>Bingo Sp\u00e9cial Jeux<\/h2>\n<hr \/>\n<p><span class=\"fpar\"><b><img decoding=\"async\" loading=\"lazy\" class=\"alignright wp-image-1273 size-full\" src=\"https:\/\/communityspiritgaming.com\/wp-content\/uploads\/sealed.jpg\" alt=\"Image d'une carte de bingo\" width=\"125\" height=\"184\" \/>Lightning<\/b>: Les jeux de Lightning sont similaires aux jeux r\u00e9guliers. Cependant, la rapidit\u00e9 de l&rsquo;appel des num\u00e9ros est beaucoup plus rapide. Chaque balle sort aux trois secondes.<\/span><\/p>\n<p><b><img decoding=\"async\" loading=\"lazy\" class=\"alignright wp-image-1270 size-full\" src=\"https:\/\/communityspiritgaming.com\/wp-content\/uploads\/dualdab.jpg\" alt=\"Image d'une carte de bingo\" width=\"125\" height=\"174\" \/>Super Jackpot<\/b>: Le jeu du Super Jackpot fait partie d&rsquo;une accumulation d&rsquo;un jeu r\u00e9gulier. Le prix du Super Jackpot est bas\u00e9 sur un dessin sp\u00e9cifique (une carte pleine) dans un nombre d\u00e9sign\u00e9 de num\u00e9ros \u00e0 travers les num\u00e9ros tir\u00e9s. Le num\u00e9ro d\u00e9sign\u00e9 d\u00e9bute \u00e0 50 et augmente d&rsquo;une session \u00e0 l&rsquo;autre jusqu&rsquo;\u00e0 temps que le prix super jackpot (2000$) soit gagn\u00e9.<\/p>\n<h2>Style Progressif Jeux<\/h2>\n<hr \/>\n<p><span class=\"fpar\"><b>Accumulator Game<\/b><br \/>\n<img decoding=\"async\" loading=\"lazy\" class=\"alignright wp-image-1267 size-full\" src=\"https:\/\/communityspiritgaming.com\/wp-content\/uploads\/accumulator.jpg\" alt=\"Image d'une carte de bingo\" width=\"125\" height=\"119\" \/>Un prix progressif sera d\u00e9cern\u00e9 aux premi\u00e8res personnes qui auront r\u00e9alis\u00e9 la premi\u00e8re combinaison gagnante dans les d\u00e9lais respectifs des num\u00e9ros appel\u00e9s (le nombre d&rsquo;appel). Le nombre d&rsquo;appels commence \u00e0 50 et plus le num\u00e9ro prend de l&rsquo;ampleur, plus les prix augmentent. Le prix progressif d\u00e9bute \u00e0 un prix de base de 1000$ et augmente de 50$ \u00e0 chaque session de bingo successive jusqu&rsquo;\u00e0 temps que le prix se fasse gagner ou que le montant atteint 5000$. Apr\u00e8s que le prix de l&rsquo;Accumulator progressif atteint un montant de 5000$, les num\u00e9ros d&rsquo;appels augmenteront \u00e0 chaque session dont le prix augmentera de 500$. Lorsque le prix du progressif n&rsquo;est pas gagn\u00e9 dans les d\u00e9lais des num\u00e9ros d&rsquo;appels, un prix de consolation sera d\u00e9cern\u00e9 aux premi\u00e8res personnes qui compl\u00e8tent la combinaison gagnante. Le prix de consolation \u00e9quivaut \u00e0 50% du revenu jusqu&rsquo;\u00e0 un maximum de 400$. Le prix de consolation continuera \u00e0 \u00eatre jou\u00e9, m\u00eame si le prix progressif est gagn\u00e9.<\/span><\/p>\n<p><b>Bonanza<\/b><br \/>\n<img decoding=\"async\" loading=\"lazy\" class=\"alignright wp-image-1269 size-full\" src=\"https:\/\/communityspiritgaming.com\/wp-content\/uploads\/bonanza.jpg\" alt=\"Image d'une carte de bingo\" width=\"125\" height=\"126\" srcset=\"https:\/\/communityspiritgaming.com\/wp-content\/uploads\/bonanza.jpg 125w, https:\/\/communityspiritgaming.com\/wp-content\/uploads\/bonanza-80x80.jpg 80w\" sizes=\"(max-width: 125px) 100vw, 125px\" \/>Le jeu du Bonanza fait partie d&rsquo;une accumulation d&rsquo;un jeu r\u00e9gulier. Les premi\u00e8res 48 balles sont nomm\u00e9es avant la partie de bingo. Les joueurs barbouillent imm\u00e9diatement les premiers 48 num\u00e9ros sur leurs cartes. Les Bonanza se font jou\u00e9 vers la fin de la session, ce qui permet aux joueurs de continuer d&rsquo;acheter des cartes Bonanza au courant de la session r\u00e9guli\u00e8re. Le prix du progressive jackpot augmente \u00e0 chaque session de 10% du revenu brut et ce jeu est gagn\u00e9 en compl\u00e9tant une combinaison d&rsquo;une carte pleine dans un d\u00e9lai de 50 num\u00e9ros d&rsquo;appels ou moins. Lorsque le prix du progressive jackpot n&rsquo;est pas gagn\u00e9 (plus de 51 num\u00e9ros sont affich\u00e9s), la partie continue avec un prix de consolation qui \u00e9quivaut \u00e0 50% du revenu brut.<\/p>\n<p>Lorsque le prix du progressive jackpot est gagn\u00e9 pendant une partie de jeu r\u00e9guli\u00e8re, il n&rsquo;y aura pas de prix de consolation. Ce montant du prix de consolation de cette session sera le point de d\u00e9part (fonds d&rsquo;amor\u00e7age) pour le prochain prix du progressive jackpot.<\/p>\n<p><b>Players Progressive Game<\/b><br \/>\n<img decoding=\"async\" loading=\"lazy\" class=\"alignright wp-image-1272 size-full\" src=\"https:\/\/communityspiritgaming.com\/wp-content\/uploads\/playerspro.jpg\" alt=\"Image d'une carte de bingo\" width=\"125\" height=\"119\" \/>Un prix de Players Progressif sera d\u00e9cern\u00e9 aux premi\u00e8res personnes qui auront r\u00e9alis\u00e9 la premi\u00e8re combinaison gagnante dans les d\u00e9lais respectifs des 50 num\u00e9ros d&rsquo;appels. Lorsque le prix du Players Progressive n&rsquo;est pas gagn\u00e9 dans les combinaisons demand\u00e9es, le prix sera le fond d&rsquo;amor\u00e7age pour le jeu de la prochaine session. Le prix du Progressive Players devrait \u00eatre calcul\u00e9 \u00e0 33.3% du revenu brut selon les ventes des cartes du Players Progressive (\u00e9lectronique ou papier) et devrait augmenter de 33.3 % jusqu&rsquo;\u00e0 temps que le montant maximum atteint 5000$. Quand le prix du Players Progressive atteint 5000$, le 33.3% qui se compilait pour le Jackpot va \u00eatre au lieu le fond d&rsquo;amor\u00e7age pour le Progressive. Le fond d&rsquo;amor\u00e7age pour le Progressive sera le montant de d\u00e9part pour le prochain Progressive Jacpot. Lorsque le prix du Progressive n&rsquo;est pas gagn\u00e9 pendant les d\u00e9lais des nombres d&rsquo;appels, le prix de consolation de 33.3% de toutes les ventes sera d\u00e9cern\u00e9 aux premi\u00e8res personnes qui compl\u00e8tent la combinaison gagnante. Le prix de consolation continuera \u00e0 \u00eatre jou\u00e9 m\u00eame si le prix du Progressive est gagn\u00e9. Une fois que le montant du Progressive Players a atteint le maximum de 5000$, au courant de la prochaine journ\u00e9e, le nombre d&rsquo;appels augmentera \u00e0 chaque jour jusqu&rsquo;\u00e0 temps que le Jackpot est gagn\u00e9.<\/p>\n<p><b>Toonie Pot Progressive<\/b><br \/>\nAvant le d\u00e9but de chaque bingo r\u00e9gulier, une balle bingo devra \u00eatre retir\u00e9e du bingo souffleur. Ce num\u00e9ro devra \u00eatre reconnu comme le  &raquo; Nombre indicateur &laquo; . Le Nombre indicateur devra \u00eatre montr\u00e9 devant les joueurs et \u00eatre retourn\u00e9 dans le bingo souffleur. La raison du Nombre indicateur est d&rsquo;alerter les joueurs que le num\u00e9ro retir\u00e9 imm\u00e9diatement apr\u00e8s le Nombre indicateur est le  &raquo; Toonie Progressive Number &laquo; .<\/p>\n<p>Le prix du jeu du Toonie Progressive sera d\u00e9cern\u00e9 aux personnes qui auront accompli la combinaison gagnante des num\u00e9ros. Pour \u00eatre dans la mesure de gagner, il faut que le joueur ait un bingo avec le num\u00e9ro du nombre indicateur imm\u00e9diatement apr\u00e8s et il doit \u00eatre appel\u00e9. Pour donner un exemple, le nombre indicateur retir\u00e9 d\u00e8s le d\u00e9part de la session de bingo est le B15. Lorsque B15 est appel\u00e9 pendant une partie l\u00e9gitime, le prochain num\u00e9ro appel\u00e9 est le Toonie Progressive Number. Ce prochain num\u00e9ro est le G58 et cela compl\u00e8te le jeu. Le joueur crie Bingo et gagne le prix de la joute r\u00e9guli\u00e8re et le Toonie Progressive Number.<\/p>\n<p>Le prix du Toonie Progressive est calcul\u00e9 \u00e0 65% des revenus brut des ventes du billet du Toonie Pot. Quand le prix du Toonie Progressive n&rsquo;est pas gagn\u00e9, le prix du Toonie Progressive sera ajout\u00e9 \u00e0 la prochaine session jusqu&rsquo;\u00e0 un maximum de 5000$. Lorsque le prix du Toonie Progressive a atteint 5000$, un jeu appel\u00e9  &raquo; Must Go  &raquo; sera jou\u00e9. Cette joute particuli\u00e8re doit \u00eatre annonc\u00e9e aux joueurs. Le nombre indicateur n&rsquo;est pas utilis\u00e9 pour d\u00e9termin\u00e9 le prix du gagnant du jeu du  &raquo; Must Go &laquo; Toonie Progressive. Il n&rsquo;y a aucun prix de consolation dans la partie du Toonie Pot Progressive.<\/p>\n<h2>Break Open Tickets<\/h2>\n<hr \/>\n<p><span class=\"fpar\">Les billlets Break open sont des jeux de charit\u00e9 qui sont aussi reconnus sous le nom de Nevada Tickets qui comprennent des num\u00e9ros pr\u00e9d\u00e9termin\u00e9s et un prix pr\u00e9d\u00e9termin\u00e9. Le d\u00e9roulement du jeu est d&rsquo;ouvrir les petites fen\u00eatres pr\u00e9d\u00e9finies sur l&rsquo;endos des billets et d&rsquo;assembler les symboles \u00e0 l&rsquo;int\u00e9rieur du billet \u00e0 celui de la combinaison gagnante sur le devant du billet. Le billet Break open gagnant peut \u00eatre retourn\u00e9 pour recevoir de l&rsquo;argent comptant.<\/span><\/p>\n<p>Les cartes ferm\u00e9es et les billets de bingos \u00e0 des sessions sont des sortes sp\u00e9cifiques de billets Break open.<\/p>\n<h2>Les Cartes Ferm\u00e9es<\/h2>\n<hr \/>\n<p><span class=\"fpar\"><img decoding=\"async\" loading=\"lazy\" class=\"alignright wp-image-1271 size-full\" src=\"https:\/\/communityspiritgaming.com\/wp-content\/uploads\/lightning.jpg\" alt=\"Image d'une carte de bingo\" width=\"125\" height=\"134\" \/>Un jeu des cartes ferm\u00e9es est tr\u00e8s semblable \u00e0 n&rsquo;importe quel jeu r\u00e9gulier des Billets Break open. Ils contiennent des num\u00e9ros et un prix pr\u00e9d\u00e9termin\u00e9s. C&rsquo;est jou\u00e9 de la m\u00eame mani\u00e8re qu&rsquo;une partie de billet Break open, incluant quelques diff\u00e9rences qui ajoutent un peu plus d&rsquo;excitation dans votre jeu.<\/span><\/p>\n<p>Les cartes ferm\u00e9es ont typiquement des co\u00fbts moins dispendieux, ce qui signifie qu&rsquo;elles se vendent extr\u00eamement rapidement. Quelques billets permettent des prix \u00e0 argent comptant instantan\u00e9ment tandis que d&rsquo;autres cartes permettent une chance \u00e0 d&rsquo;autres prix secondaires. Jouer jusqu&rsquo;\u00e0 temps que tous les billets sont vendus. Une fois que les billets sont vendus, un poster est affich\u00e9 pour r\u00e9v\u00e9ler la carte  &raquo; flare &laquo; . Le joueur dont sa carte est pareille qu&rsquo;au num\u00e9ro affich\u00e9 (flare ) gagne la partie.<\/p>\n<h2>Bingo Event Ticket Game<\/h2>\n<hr \/>\n<p><span class=\"fpar\">Le Bingo event Game est un pont entre le Bingo et les pauses et est un excellent moyen d&rsquo;enrichir votre jeu de Bingo. Le Bingo Event game est, pour la plupart, jouer de mani\u00e8re tr\u00e8s semblable que le jeu de carte ferm\u00e9e. Chaque jeu individuel Bingo Event Ticket ont un nombre pr\u00e9d\u00e9termin\u00e9 de billets, un paiement de prix fixe, des prix instantan\u00e9s et une s\u00e9rie de billet en attente. Les billets en attente dans un Bingo Event Ticket Game sont les num\u00e9ros de Bingo traditionnelle B1-O75. Les billets en attente sont retenue pour un plus grand prix lorsque tous les billets sont vendus &#8211; encore ce jeux est semblable a un jeu ferm\u00e9.<\/span><\/p>\n<p>La diff\u00e9rence principale est que le gagnant du Bingo Event Game peut \u00eatre d\u00e9termin\u00e9 en utilisant le flashboard, le dernier num\u00e9ro appel\u00e9 durant une partie de Bingo ou en utilisant la carte ferm\u00e9 jointe. Par exemple, si le Event Game a 75 billets en attente num\u00e9rot\u00e9 B1-O75 (un num\u00e9ro par billets) et en jouant un jeu de Bingo r\u00e9gulier donc B5 est le dernier num\u00e9ro appel\u00e9 lors de la partie, le gagnant du Bingo Event Game serait le titulaire ayant le num\u00e9ro B5 imprim\u00e9 sur son billet. Quand tous les billets dans le Event Game sont vendus, l&rsquo;annonceur annoncera dans quel jeux le Event Game sera jou\u00e9 et de quelle mani\u00e8re le gagnant sera d\u00e9termin\u00e9.<\/p>\n<p>Il y a plusieurs mani\u00e8res de jouer le Event Game et c&rsquo;est pourquoi ce jeu apporte une excitation \u00e0 votre jeu de Bingo.<\/p>\n<p><b>\u00c9v\u00e9nement ou le jeux du dernier num\u00e9ro annonc\u00e9<\/b>:<\/p>\n<ul>\n<li>Le titulaire du billet contenant le dernier num\u00e9ro appel\u00e9 par l&rsquo;annonceur lors de la partie pr\u00e9d\u00e9terminer gagne le jeu.<\/li>\n<\/ul>\n<p><span class=\"fpar\"><b>Dab Games<\/b>:<\/span><\/p>\n<ul>\n<li>Le Event Ticket avec plus d&rsquo;un num\u00e9ro sur le billet, le gagnant est le joueur qui dab tous les num\u00e9ros sur ses billets lors de la parti pr\u00e9-d\u00e9termin\u00e9e par l&rsquo;annonceur.<\/li>\n<\/ul>\n<p><span class=\"fpar\"><b>Ligne ou le jeu de course de chevaux<\/b>:<\/span><\/p>\n<ul>\n<li>Le Event Ticket contenant la m\u00eame s\u00e9rie de num\u00e9ro descendante que sur le flashboard , ex. B1, I-16, N31, G46, O61. Le gagnant de cette partie sera celui qui aura la premi\u00e8re ligne compl\u00e9t\u00e9 sur son billet lors de la partie pr\u00e9-d\u00e9termin\u00e9e par l&rsquo;annonceur.<\/li>\n<\/ul>\n<p><span class=\"fpar\">L&rsquo;excitation du joueur augmente jusqu&rsquo;au moment o\u00f9 le gagnant de la fin de la partie est annonc\u00e9 combinant l&rsquo;ensemble du Break open Tickets &#038; le Bingo formant une exp\u00e9rience de divertissement.<\/span>[\/vc_column_text][\/vc_column][\/vc_row]<\/p>\n<\/section>","protected":false},"excerpt":{"rendered":"<p>[vc_row][vc_column][\/vc_column][\/vc_row][vc_row][vc_column][vc_column_text][\/vc_column_text][\/vc_column][\/vc_row][vc_row][vc_column width= &raquo;1\/2&Prime;][vc_column_text] Bingo Informations De Session [\/vc_column_text][\/vc_column][vc_column width= &raquo;1\/2&Prime;][vc_column_text] Heures De Fonctionnement 9:00 AM &#8211; 1:00 h tous les jours [\/vc_column_text][vc_column_text] Documents de Ressources Guide des Jeux de Bingo [&hellip;]<\/p>\n","protected":false},"author":1,"featured_media":1289,"parent":0,"menu_order":0,"comment_status":"closed","ping_status":"closed","template":"","meta":{"inline_featured_image":false,"footnotes":""},"_links":{"self":[{"href":"https:\/\/communityspiritgaming.com\/fr\/wp-json\/wp\/v2\/pages\/490"}],"collection":[{"href":"https:\/\/communityspiritgaming.com\/fr\/wp-json\/wp\/v2\/pages"}],"about":[{"href":"https:\/\/communityspiritgaming.com\/fr\/wp-json\/wp\/v2\/types\/page"}],"author":[{"embeddable":true,"href":"https:\/\/communityspiritgaming.com\/fr\/wp-json\/wp\/v2\/users\/1"}],"replies":[{"embeddable":true,"href":"https:\/\/communityspiritgaming.com\/fr\/wp-json\/wp\/v2\/comments?post=490"}],"version-history":[{"count":80,"href":"https:\/\/communityspiritgaming.com\/fr\/wp-json\/wp\/v2\/pages\/490\/revisions"}],"predecessor-version":[{"id":2335,"href":"https:\/\/communityspiritgaming.com\/fr\/wp-json\/wp\/v2\/pages\/490\/revisions\/2335"}],"wp:featuredmedia":[{"embeddable":true,"href":"https:\/\/communityspiritgaming.com\/fr\/wp-json\/wp\/v2\/media\/1289"}],"wp:attachment":[{"href":"https:\/\/communityspiritgaming.com\/fr\/wp-json\/wp\/v2\/media?parent=490"}],"curies":[{"name":"wp","href":"https:\/\/api.w.org\/{rel}","templated":true}]}}