{"id":20,"date":"2018-02-04T13:26:48","date_gmt":"2018-02-04T13:26:48","guid":{"rendered":"http:\/\/localhost\/appland\/?page_id=20"},"modified":"2026-02-03T12:40:44","modified_gmt":"2026-02-03T17:40:44","slug":"home","status":"publish","type":"page","link":"https:\/\/communityspiritgaming.com\/fr\/","title":{"rendered":"Accueil"},"content":{"rendered":"<section class=\"wpb-content-wrapper\"><p>[vc_row full_width= &raquo;stretch_row_content_no_spaces &raquo; el_id= &raquo;home &raquo;][vc_column]<div class=\"wpb_wrapper\">\r\n                <style>\r\n\t\t\t\t\t.header-overlay:before {\r\n\t\t\t\t\t\tcontent: \"\";\r\n\t\t\t\t\t\twidth: 100%;\r\n\t\t\t\t\t\theight: 100%;\r\n\t\t\t\t\t\ttop: 0;\r\n\t\t\t\t\t\tleft: 0;\r\n\t\t\t\t\t\tbackground: #4776e6;\r\n\t\t\t\t\t\topacity: 0.75;\r\n\t\t\t\t\t\tz-index: -1;\r\n\t\t\t\t\t\tposition: absolute;\r\n\t\t\t\t\t}\r\n\t\t\t\t<\/style>\r\n\t\t\t\t<script>\r\n\t\t\t\t\tjQuery(document).ready(function() {\r\n\t\t\t\t\t\tjQuery('.slick').slick({\r\n\t\t\t\t\t\t\tdots: true,\r\n\t\t\t\t\t\t\t\/\/infinite: true,\r\n\t\t\t\t\t\t\tspeed: 300,\r\n\t\t\t\t\t\t\tslidesToShow: 1,\r\n\t\t\t\t\t\t\tautoplay: true,\r\n\t\t\t\t\t\t\tautoplaySpeed: slickAutoPlaySpeeds[0],\r\n\t\t\t\t\t\t});\r\n\r\n\t\t\t\t\t\tjQuery('.slick').on('beforeChange', function(event, slick, currentSlide, nextSlide){\r\n\t\t\t\t\t\t\tjQuery('.slick').slick('slickSetOption', 'autoplaySpeed', slickAutoPlaySpeeds[nextSlide]);\r\n\t\t\t\t\t\t});\r\n\t\t\t\t\t});\r\n\r\n\t\t\t\t\tvar slickAutoPlaySpeeds = [\t\t\t10000,\t\t\t5000,\t\t\t20000,];\r\n\r\n\t\t\t\t<\/script>\r\n                <section class=\"header-home\">\r\n\t\t\t\t<div id=\"particles-js\"><\/div>\r\n\t\t\t\t\t<div class=\"container\">\r\n\t\t\t\t\t\t<div class=\"row\">\r\n\t\t\t\t\t\t\t<div class=\"col-sm-12 col-header-text slick\">\t\t\t<div>\r\n\t\t\t\t\t\t\t\t\t<h1><\/h1>\r\n\t\t\t\t\t\t\t\t\t<script src=\"https:\/\/cdn.casinotime.ca\/embed\/common\/ct-common.js\"><\/script><ct-affiliate-compact code=\"CS\" name=\"Community Spirit Gaming Centre\" location=\"Kingston\" image=\"https:\/\/communityspiritgaming.com\/wp-content\/uploads\/2018\/10\/logo-small-colour@x2.png\"><\/ct-affiliate>\n\r\n\t\t\t\t\t\t\t\t<\/div>\t\t\t<div>\r\n\t\t\t\t\t\t\t\t\t<h1>Spinning Reel Cabinets<\/h1>\r\n\t\t\t\t\t\t\t\t\t<section class=\"wpb-content-wrapper\"><p>[vc_row][vc_column][vc_single_image image= &raquo;2058&Prime; img_size= &raquo;large &raquo; alignment= &raquo;center &raquo;][\/vc_column][\/vc_row]<\/p>\n<\/section>\r\n\t\t\t\t\t\t\t\t<\/div>\t\t\t<div>\r\n\t\t\t\t\t\t\t\t\t<h1>Open 7 Days a week - 9AM to 11PM<\/h1>\r\n\t\t\t\t\t\t\t\t\t<p><img decoding=\"async\" loading=\"lazy\" class=\"size-medium wp-image-2127\" src=\"https:\/\/communityspiritgaming.com\/wp-content\/uploads\/Covid-19-2-Instagram-CommunityYGK-300x300.png\" alt=\"\" width=\"300\" height=\"300\" srcset=\"https:\/\/communityspiritgaming.com\/wp-content\/uploads\/Covid-19-2-Instagram-CommunityYGK-300x300.png 300w, https:\/\/communityspiritgaming.com\/wp-content\/uploads\/Covid-19-2-Instagram-CommunityYGK-1024x1024.png 1024w, https:\/\/communityspiritgaming.com\/wp-content\/uploads\/Covid-19-2-Instagram-CommunityYGK-150x150.png 150w, https:\/\/communityspiritgaming.com\/wp-content\/uploads\/Covid-19-2-Instagram-CommunityYGK-768x768.png 768w, https:\/\/communityspiritgaming.com\/wp-content\/uploads\/Covid-19-2-Instagram-CommunityYGK-80x80.png 80w, https:\/\/communityspiritgaming.com\/wp-content\/uploads\/Covid-19-2-Instagram-CommunityYGK.png 1080w\" sizes=\"(max-width: 300px) 100vw, 300px\" \/><\/p>\n<p>Open from 9AM to 11PM, daily<\/p>\n<p>Cabinet Games (Spinning Reels) are live !<\/p>\n<p>Bingo:<\/p>\n<p>9:30 AM Breakfast Bingo Session. 7 days\/week<\/p>\n<p>12:30 PM Matinee Bingo Session, 7 days\/week<\/p>\n<p>7:00 PM Evening Bingo Session, 7 days\/week<\/p>\n<p>Click on our <strong>ONLINE tab<\/strong> to register and play with <strong>Casino Time.ca<\/strong> our online partner.<\/p>\n\r\n\t\t\t\t\t\t\t\t<\/div>\r\n\t\t\t\t\t\t\t<\/div>\r\n\t\t\t\t\t\t<\/div>\r\n\t\t\t\t\t<\/div>\r\n\t\t\t\t<\/section>\r\n\t\t\t<\/div>[vc_column_text]<\/p>\n<p style=\"text-align: center;\"><a class=\"banner_btn btn-purple\" href=\"members\"> MEMBRES <\/a>\u00a0<a class=\"banner_btn btn-teal\" href=\"contact-us\"> CONTACT <\/a><\/p>\n<p>[\/vc_column_text][\/vc_column][\/vc_row][vc_row el_id= &raquo;mission &raquo; css= &raquo;.vc_custom_1543538771957{padding-bottom: 50px !important;} &raquo;][vc_column width= &raquo;1\/2&Prime;][vc_column_text]<\/p>\n<h2>Notre Mission<\/h2>\n<hr \/>\n<p><span class=\"fpar\">Notre objectif est d&rsquo;offrir \u00e0 nos clients une exp\u00e9rience agr\u00e9able et remplie de divertissements. Pour ce faire, nous nous assurons d&rsquo;alimenter d&rsquo;excellentes valeurs, un service \u00e0 la client\u00e8le exemplaire et un environnement propre o\u00f9 une atmosph\u00e8re invitante s&rsquo;impose. Notre g\u00e9rant et ses employ\u00e9s tiennent \u00e0 vous remercier pour votre support et nous allons continuer \u00e0 offrir \u00e0 nos clients le meilleur service possible.<\/span><\/p>\n<p><span class=\"fpar\">Sinc\u00e8rement,<\/span><\/p>\n<p><span class=\"fpar\"><img decoding=\"async\" loading=\"lazy\" class=\"alignnone wp-image-517 size-full\" src=\"https:\/\/communityspiritgaming.com\/wp-content\/uploads\/2018\/10\/DD7979184B334CFEE37EB46C63F9B23C.png\" alt=\"Sign\u00e9 par Jeffrey Holmes\" width=\"261\" height=\"82\" \/><br \/>\nJeff Holmes<br \/>\nDirecteur G\u00e9n\u00e9ral<\/span>[\/vc_column_text][\/vc_column][vc_column width= &raquo;1\/2&Prime;]\n            <div \n                class=\"elfsight-widget-facebook-feed elfsight-widget\" \n                data-elfsight-facebook-feed-options=\"%7B%22tokenType%22%3A%22page%22%2C%22userAccessToken%22%3Anull%2C%22userAccessTokenPagesScope%22%3A%22EAADQZAoJZBZBH0BQpEzZB9MgaTOMMiBGDaAwZBiWlZBKIegxb3Rit1EL4I9MLZCsUTX8muEjXB9gFZAabNw9UWTHEGbZCXiVyUrM2J2dINjXstRHd1XETXcaozn76ZAMENBIoxwAvJBNDE31ONIPPDv5Y1IFXlKZAs8Sx4IJzCnpGA4HEfnB9wQEuIbwL9ZARZBysKxXNpmL1vaPWrrnM4VHfp3DwYdSHDZBejFVuqjB0zzVEI3rPMkZCPLnBhcOfNEuDVepvdcFOar02M20NdH9UAGTcp7t9sZBhQQU7AZDZD%22%2C%22source%22%3A%22https%3A%5C%2F%5C%2Fwww.facebook.com%5C%2FCommunityYGK%5C%2F%22%2C%22page%22%3A%7B%22name%22%3A%22Community%20Spirit%20Gaming%20Centre%22%2C%22value%22%3A%22104416989609200%22%2C%22link%22%3A%22https%3A%5C%2F%5C%2Fwww.facebook.com%5C%2F104416989609200%22%2C%22picture%22%3A%7B%22data%22%3A%7B%22height%22%3A100%2C%22is_silhouette%22%3Afalse%2C%22url%22%3A%22https%3A%5C%2F%5C%2Fscontent-yyz1-1.xx.fbcdn.net%5C%2Fv%5C%2Ft39.30808-1%5C%2F292587915_526960559257740_7408599804949572230_n.png%3Fstp%3Ddst-png_s100x100%26_nc_cat%3D110%26ccb%3D1-7%26_nc_sid%3Df907e8%26_nc_ohc%3DMtFewWUo8yEQ7kNvwF8uFSi%26_nc_oc%3DAdkuUWpMuOz_S0BJ0vgpok0ENancZDlBRnOCJfP9O85fGwoiG0rvdGu9kUBdnIH1bnE%26_nc_zt%3D24%26_nc_ht%3Dscontent-yyz1-1.xx%26edm%3DAGaHXAAEAAAA%26_nc_gid%3D3eV14SiJI0drHG-tP_3YZw%26_nc_tpa%3DQ5bMBQE5dhRfalTIPWSl4WGSmh1gmNB3Dd9A8EEg6tJ9VueINkiIDGuwy64xJGn4yoRQmE1H6rUxPGbh%26oh%3D00_AfvTDA0YOzAQyo4TB02tJ-OuzMiPt1YNiKK5BhblBfWjPg%26oe%3D6988027B%22%2C%22width%22%3A100%7D%7D%7D%2C%22pageAccessToken%22%3A%22EAADQZAoJZBZBH0BQt2X0Wizw4QPeKxY2dKjYe5zODxZConlOdZC3ZCFaqFRPSvsbbiDrW64zKpmCHZBovEjKOmaodw1hBWA4GQEQn9BZAv2ZC5jEp0Fhdk1VPckbyDuhNKo1MPhPjG6xUia9HFUXjdVA1hwP9iaGj1KPf0opHnzDRW4pmIGNhqeZCXkaPzpeBcvDZCX%22%2C%22width%22%3A%22100%25%22%2C%22height%22%3A%22720%22%2C%22contentDivider%22%3Anull%2C%22headerVisible%22%3Atrue%2C%22headerParts%22%3A%5B%22cover%22%2C%22picture%22%2C%22likesCount%22%5D%2C%22headerActions%22%3A%5B%7B%22type%22%3A%22like%22%7D%2C%7B%22type%22%3A%22share%22%7D%5D%2C%22menuVisible%22%3Afalse%2C%22contentPostsVisible%22%3Atrue%2C%22contentPostsParts%22%3A%5B%22author%22%2C%22likesCount%22%2C%22commentsCount%22%2C%22sharesCount%22%2C%22shareButton%22%5D%2C%22contentPostsLimit%22%3A0%2C%22contentPhotosVisible%22%3Atrue%2C%22contentAlbumsVisible%22%3Atrue%2C%22contentVideosVisible%22%3Atrue%2C%22contentVideosParts%22%3A%5B%22description%22%2C%22likesCount%22%2C%22commentsCount%22%5D%2C%22contentEventsVisible%22%3Atrue%2C%22contentPopupParts%22%3A%5B%22author%22%2C%22likesCount%22%2C%22shareButton%22%2C%22comments%22%5D%2C%22lang%22%3A%22fr%22%2C%22cacheTime%22%3A%223600%22%2C%22apiUrl%22%3A%22https%3A%5C%2F%5C%2Fcommunityspiritgaming.com%5C%2Ffr%5C%2Fwp-json%5C%2Felfsight-facebook-feed%5C%2Fapi%22%2C%22widgetId%22%3A%222%22%7D\" \n                data-elfsight-facebook-feed-version=\"1.15.0\"\n                data-elfsight-widget-id=\"elfsight-facebook-feed-2\">\n            <\/div>\n            [\/vc_column][\/vc_row]<\/p>\n<\/section>","protected":false},"excerpt":{"rendered":"<p>[vc_row full_width= &raquo;stretch_row_content_no_spaces &raquo; el_id= &raquo;home &raquo;][vc_column][vc_column_text] MEMBRES \u00a0 CONTACT [\/vc_column_text][\/vc_column][\/vc_row][vc_row el_id= &raquo;mission &raquo; css= &raquo;.vc_custom_1543538771957{padding-bottom: 50px !important;} &raquo;][vc_column width= &raquo;1\/2&Prime;][vc_column_text] Notre Mission Notre objectif est d&rsquo;offrir \u00e0 nos clients [&hellip;]<\/p>\n","protected":false},"author":1,"featured_media":0,"parent":0,"menu_order":0,"comment_status":"closed","ping_status":"closed","template":"","meta":{"inline_featured_image":false,"footnotes":""},"_links":{"self":[{"href":"https:\/\/communityspiritgaming.com\/fr\/wp-json\/wp\/v2\/pages\/20"}],"collection":[{"href":"https:\/\/communityspiritgaming.com\/fr\/wp-json\/wp\/v2\/pages"}],"about":[{"href":"https:\/\/communityspiritgaming.com\/fr\/wp-json\/wp\/v2\/types\/page"}],"author":[{"embeddable":true,"href":"https:\/\/communityspiritgaming.com\/fr\/wp-json\/wp\/v2\/users\/1"}],"replies":[{"embeddable":true,"href":"https:\/\/communityspiritgaming.com\/fr\/wp-json\/wp\/v2\/comments?post=20"}],"version-history":[{"count":94,"href":"https:\/\/communityspiritgaming.com\/fr\/wp-json\/wp\/v2\/pages\/20\/revisions"}],"predecessor-version":[{"id":2339,"href":"https:\/\/communityspiritgaming.com\/fr\/wp-json\/wp\/v2\/pages\/20\/revisions\/2339"}],"wp:attachment":[{"href":"https:\/\/communityspiritgaming.com\/fr\/wp-json\/wp\/v2\/media?parent=20"}],"curies":[{"name":"wp","href":"https:\/\/api.w.org\/{rel}","templated":true}]}}